{"id":540,"date":"2022-01-11T20:50:10","date_gmt":"2022-01-11T19:50:10","guid":{"rendered":"https:\/\/www.ranido.cz\/?page_id=540"},"modified":"2024-08-12T12:19:52","modified_gmt":"2024-08-12T10:19:52","slug":"ranido","status":"publish","type":"page","link":"https:\/\/www.ranido.cz\/cs\/","title":{"rendered":"Ranido"},"content":{"rendered":"","protected":false},"excerpt":{"rendered":"","protected":false},"author":1,"featured_media":0,"parent":0,"menu_order":1,"comment_status":"closed","ping_status":"closed","template":"","meta":[],"yoast_head":"<!-- This site is optimized with the Yoast SEO plugin v16.9 - https:\/\/yoast.com\/wordpress\/plugins\/seo\/ -->\n<meta name=\"description\" content=\"Jsme spole\u010dnost zab\u00fdvaj\u00edc\u00ed se v\u00fdzkumem a v\u00fdvojem, \u00fazce spolupracujeme s pr\u016fmyslov\u00fdmi partnery, univerzitami, a v\u00fdzkumn\u00fdmi institucemi v cel\u00e9 Evrop\u011b.\" \/>\n<meta name=\"robots\" content=\"index, follow, max-snippet:-1, max-image-preview:large, max-video-preview:-1\" \/>\n<link rel=\"canonical\" href=\"https:\/\/www.ranido.cz\/cs\/\" \/>\n<meta property=\"og:locale\" content=\"cs_CZ\" \/>\n<meta property=\"og:type\" content=\"article\" \/>\n<meta property=\"og:title\" content=\"Ranido - Inovujeme katalyz\u00e1tory\" \/>\n<meta property=\"og:description\" content=\"Jsme spole\u010dnost zab\u00fdvaj\u00edc\u00ed se v\u00fdzkumem a v\u00fdvojem, \u00fazce spolupracujeme s pr\u016fmyslov\u00fdmi partnery, univerzitami, a v\u00fdzkumn\u00fdmi institucemi v cel\u00e9 Evrop\u011b.\" \/>\n<meta property=\"og:url\" content=\"https:\/\/www.ranido.cz\/cs\/\" \/>\n<meta property=\"og:site_name\" content=\"Ranido\" \/>\n<meta property=\"article:modified_time\" content=\"2024-08-12T10:19:52+00:00\" \/>\n<meta property=\"og:image\" content=\"https:\/\/www.ranido.cz\/app\/uploads\/2021\/11\/ranido-og.png\" \/>\n\t<meta property=\"og:image:width\" content=\"1200\" \/>\n\t<meta property=\"og:image:height\" content=\"630\" \/>\n<meta name=\"twitter:card\" content=\"summary_large_image\" \/>\n<script type=\"application\/ld+json\" class=\"yoast-schema-graph\">{\"@context\":\"https:\/\/schema.org\",\"@graph\":[{\"@type\":\"Organization\",\"@id\":\"https:\/\/www.ranido.cz\/#organization\",\"name\":\"Ranido\",\"url\":\"https:\/\/www.ranido.cz\/\",\"sameAs\":[],\"logo\":{\"@type\":\"ImageObject\",\"@id\":\"https:\/\/www.ranido.cz\/#logo\",\"inLanguage\":\"cs\",\"url\":\"https:\/\/www.ranido.cz\/app\/uploads\/2021\/11\/ranido-logo.png\",\"contentUrl\":\"https:\/\/www.ranido.cz\/app\/uploads\/2021\/11\/ranido-logo.png\",\"width\":3544,\"height\":1182,\"caption\":\"Ranido\"},\"image\":{\"@id\":\"https:\/\/www.ranido.cz\/#logo\"}},{\"@type\":\"WebSite\",\"@id\":\"https:\/\/www.ranido.cz\/#website\",\"url\":\"https:\/\/www.ranido.cz\/\",\"name\":\"Ranido\",\"description\":\"Pushing Innovation in Catalysis\",\"publisher\":{\"@id\":\"https:\/\/www.ranido.cz\/#organization\"},\"inLanguage\":\"cs\"},{\"@type\":\"WebPage\",\"@id\":\"https:\/\/www.ranido.cz\/cs\/#webpage\",\"url\":\"https:\/\/www.ranido.cz\/cs\/\",\"name\":\"Ranido - Inovujeme katalyz\\u00e1tory\",\"isPartOf\":{\"@id\":\"https:\/\/www.ranido.cz\/#website\"},\"datePublished\":\"2022-01-11T19:50:10+00:00\",\"dateModified\":\"2024-08-12T10:19:52+00:00\",\"description\":\"Jsme spole\\u010dnost zab\\u00fdvaj\\u00edc\\u00ed se v\\u00fdzkumem a v\\u00fdvojem, \\u00fazce spolupracujeme s pr\\u016fmyslov\\u00fdmi partnery, univerzitami, a v\\u00fdzkumn\\u00fdmi institucemi v cel\\u00e9 Evrop\\u011b.\",\"breadcrumb\":{\"@id\":\"https:\/\/www.ranido.cz\/cs\/#breadcrumb\"},\"inLanguage\":\"cs\",\"potentialAction\":[{\"@type\":\"ReadAction\",\"target\":[\"https:\/\/www.ranido.cz\/cs\/\"]}]},{\"@type\":\"BreadcrumbList\",\"@id\":\"https:\/\/www.ranido.cz\/cs\/#breadcrumb\",\"itemListElement\":[{\"@type\":\"ListItem\",\"position\":1,\"name\":\"Home\",\"item\":\"https:\/\/www.ranido.cz\/cs\/\"},{\"@type\":\"ListItem\",\"position\":2,\"name\":\"Ranido\"}]}]}<\/script>\n<!-- \/ Yoast SEO plugin. -->","yoast_head_json":{"description":"Jsme spole\u010dnost zab\u00fdvaj\u00edc\u00ed se v\u00fdzkumem a v\u00fdvojem, \u00fazce spolupracujeme s pr\u016fmyslov\u00fdmi partnery, univerzitami, a v\u00fdzkumn\u00fdmi institucemi v cel\u00e9 Evrop\u011b.","robots":{"index":"index","follow":"follow","max-snippet":"max-snippet:-1","max-image-preview":"max-image-preview:large","max-video-preview":"max-video-preview:-1"},"canonical":"https:\/\/www.ranido.cz\/cs\/","og_locale":"cs_CZ","og_type":"article","og_title":"Ranido - Inovujeme katalyz\u00e1tory","og_description":"Jsme spole\u010dnost zab\u00fdvaj\u00edc\u00ed se v\u00fdzkumem a v\u00fdvojem, \u00fazce spolupracujeme s pr\u016fmyslov\u00fdmi partnery, univerzitami, a v\u00fdzkumn\u00fdmi institucemi v cel\u00e9 Evrop\u011b.","og_url":"https:\/\/www.ranido.cz\/cs\/","og_site_name":"Ranido","article_modified_time":"2024-08-12T10:19:52+00:00","og_image":[{"width":1200,"height":630,"url":"https:\/\/www.ranido.cz\/app\/uploads\/2021\/11\/ranido-og.png","path":"\/home\/ranido\/webapps\/ranido\/web\/app\/uploads\/2021\/11\/ranido-og.png","size":"full","id":332,"alt":"","pixels":756000,"type":"image\/png"}],"twitter_card":"summary_large_image","schema":{"@context":"https:\/\/schema.org","@graph":[{"@type":"Organization","@id":"https:\/\/www.ranido.cz\/#organization","name":"Ranido","url":"https:\/\/www.ranido.cz\/","sameAs":[],"logo":{"@type":"ImageObject","@id":"https:\/\/www.ranido.cz\/#logo","inLanguage":"cs","url":"https:\/\/www.ranido.cz\/app\/uploads\/2021\/11\/ranido-logo.png","contentUrl":"https:\/\/www.ranido.cz\/app\/uploads\/2021\/11\/ranido-logo.png","width":3544,"height":1182,"caption":"Ranido"},"image":{"@id":"https:\/\/www.ranido.cz\/#logo"}},{"@type":"WebSite","@id":"https:\/\/www.ranido.cz\/#website","url":"https:\/\/www.ranido.cz\/","name":"Ranido","description":"Pushing Innovation in Catalysis","publisher":{"@id":"https:\/\/www.ranido.cz\/#organization"},"inLanguage":"cs"},{"@type":"WebPage","@id":"https:\/\/www.ranido.cz\/cs\/#webpage","url":"https:\/\/www.ranido.cz\/cs\/","name":"Ranido - Inovujeme katalyz\u00e1tory","isPartOf":{"@id":"https:\/\/www.ranido.cz\/#website"},"datePublished":"2022-01-11T19:50:10+00:00","dateModified":"2024-08-12T10:19:52+00:00","description":"Jsme spole\u010dnost zab\u00fdvaj\u00edc\u00ed se v\u00fdzkumem a v\u00fdvojem, \u00fazce spolupracujeme s pr\u016fmyslov\u00fdmi partnery, univerzitami, a v\u00fdzkumn\u00fdmi institucemi v cel\u00e9 Evrop\u011b.","breadcrumb":{"@id":"https:\/\/www.ranido.cz\/cs\/#breadcrumb"},"inLanguage":"cs","potentialAction":[{"@type":"ReadAction","target":["https:\/\/www.ranido.cz\/cs\/"]}]},{"@type":"BreadcrumbList","@id":"https:\/\/www.ranido.cz\/cs\/#breadcrumb","itemListElement":[{"@type":"ListItem","position":1,"name":"Home","item":"https:\/\/www.ranido.cz\/cs\/"},{"@type":"ListItem","position":2,"name":"Ranido"}]}]}},"_links":{"self":[{"href":"https:\/\/www.ranido.cz\/cs\/wp-json\/wp\/v2\/pages\/540"}],"collection":[{"href":"https:\/\/www.ranido.cz\/cs\/wp-json\/wp\/v2\/pages"}],"about":[{"href":"https:\/\/www.ranido.cz\/cs\/wp-json\/wp\/v2\/types\/page"}],"author":[{"embeddable":true,"href":"https:\/\/www.ranido.cz\/cs\/wp-json\/wp\/v2\/users\/1"}],"replies":[{"embeddable":true,"href":"https:\/\/www.ranido.cz\/cs\/wp-json\/wp\/v2\/comments?post=540"}],"version-history":[{"count":19,"href":"https:\/\/www.ranido.cz\/cs\/wp-json\/wp\/v2\/pages\/540\/revisions"}],"predecessor-version":[{"id":902,"href":"https:\/\/www.ranido.cz\/cs\/wp-json\/wp\/v2\/pages\/540\/revisions\/902"}],"wp:attachment":[{"href":"https:\/\/www.ranido.cz\/cs\/wp-json\/wp\/v2\/media?parent=540"}],"curies":[{"name":"wp","href":"https:\/\/api.w.org\/{rel}","templated":true}]}}