{"id":553,"date":"2022-01-12T12:29:50","date_gmt":"2022-01-12T11:29:50","guid":{"rendered":"https:\/\/www.ranido.cz\/?page_id=553"},"modified":"2023-06-12T15:16:44","modified_gmt":"2023-06-12T13:16:44","slug":"zakazkova-vyroba-katalyzatoru","status":"publish","type":"page","link":"https:\/\/www.ranido.cz\/cs\/sluzby\/zakazkova-vyroba-katalyzatoru\/","title":{"rendered":"Zak\u00e1zkov\u00e1 v\u00fdroba katalyz\u00e1tor\u016f"},"content":{"rendered":"","protected":false},"excerpt":{"rendered":"","protected":false},"author":1,"featured_media":0,"parent":548,"menu_order":0,"comment_status":"closed","ping_status":"closed","template":"","meta":[],"yoast_head":"<!-- This site is optimized with the Yoast SEO plugin v16.9 - https:\/\/yoast.com\/wordpress\/plugins\/seo\/ -->\n<meta name=\"robots\" content=\"index, follow, max-snippet:-1, max-image-preview:large, max-video-preview:-1\" \/>\n<link rel=\"canonical\" href=\"https:\/\/www.ranido.cz\/cs\/sluzby\/zakazkova-vyroba-katalyzatoru\/\" \/>\n<meta property=\"og:locale\" content=\"cs_CZ\" \/>\n<meta property=\"og:type\" content=\"article\" \/>\n<meta property=\"og:title\" content=\"Zak\u00e1zkov\u00e1 v\u00fdroba katalyz\u00e1tor\u016f - Ranido\" \/>\n<meta property=\"og:url\" content=\"https:\/\/www.ranido.cz\/cs\/sluzby\/zakazkova-vyroba-katalyzatoru\/\" \/>\n<meta property=\"og:site_name\" content=\"Ranido\" \/>\n<meta property=\"article:modified_time\" content=\"2023-06-12T13:16:44+00:00\" \/>\n<meta property=\"og:image\" content=\"https:\/\/www.ranido.cz\/app\/uploads\/2021\/11\/ranido-og.png\" \/>\n\t<meta property=\"og:image:width\" content=\"1200\" \/>\n\t<meta property=\"og:image:height\" content=\"630\" \/>\n<meta name=\"twitter:card\" content=\"summary_large_image\" \/>\n<script type=\"application\/ld+json\" class=\"yoast-schema-graph\">{\"@context\":\"https:\/\/schema.org\",\"@graph\":[{\"@type\":\"Organization\",\"@id\":\"https:\/\/www.ranido.cz\/#organization\",\"name\":\"Ranido\",\"url\":\"https:\/\/www.ranido.cz\/\",\"sameAs\":[],\"logo\":{\"@type\":\"ImageObject\",\"@id\":\"https:\/\/www.ranido.cz\/#logo\",\"inLanguage\":\"cs\",\"url\":\"https:\/\/www.ranido.cz\/app\/uploads\/2021\/11\/ranido-logo.png\",\"contentUrl\":\"https:\/\/www.ranido.cz\/app\/uploads\/2021\/11\/ranido-logo.png\",\"width\":3544,\"height\":1182,\"caption\":\"Ranido\"},\"image\":{\"@id\":\"https:\/\/www.ranido.cz\/#logo\"}},{\"@type\":\"WebSite\",\"@id\":\"https:\/\/www.ranido.cz\/#website\",\"url\":\"https:\/\/www.ranido.cz\/\",\"name\":\"Ranido\",\"description\":\"Pushing Innovation in Catalysis\",\"publisher\":{\"@id\":\"https:\/\/www.ranido.cz\/#organization\"},\"inLanguage\":\"cs\"},{\"@type\":\"WebPage\",\"@id\":\"https:\/\/www.ranido.cz\/cs\/sluzby\/zakazkova-vyroba-katalyzatoru\/#webpage\",\"url\":\"https:\/\/www.ranido.cz\/cs\/sluzby\/zakazkova-vyroba-katalyzatoru\/\",\"name\":\"Zak\\u00e1zkov\\u00e1 v\\u00fdroba katalyz\\u00e1tor\\u016f - Ranido\",\"isPartOf\":{\"@id\":\"https:\/\/www.ranido.cz\/#website\"},\"datePublished\":\"2022-01-12T11:29:50+00:00\",\"dateModified\":\"2023-06-12T13:16:44+00:00\",\"breadcrumb\":{\"@id\":\"https:\/\/www.ranido.cz\/cs\/sluzby\/zakazkova-vyroba-katalyzatoru\/#breadcrumb\"},\"inLanguage\":\"cs\",\"potentialAction\":[{\"@type\":\"ReadAction\",\"target\":[\"https:\/\/www.ranido.cz\/cs\/sluzby\/zakazkova-vyroba-katalyzatoru\/\"]}]},{\"@type\":\"BreadcrumbList\",\"@id\":\"https:\/\/www.ranido.cz\/cs\/sluzby\/zakazkova-vyroba-katalyzatoru\/#breadcrumb\",\"itemListElement\":[{\"@type\":\"ListItem\",\"position\":1,\"name\":\"Home\",\"item\":\"https:\/\/www.ranido.cz\/cs\/\"},{\"@type\":\"ListItem\",\"position\":2,\"name\":\"Slu\\u017eby\",\"item\":\"https:\/\/www.ranido.cz\/cs\/sluzby\/\"},{\"@type\":\"ListItem\",\"position\":3,\"name\":\"Zak\\u00e1zkov\\u00e1 v\\u00fdroba katalyz\\u00e1tor\\u016f\"}]}]}<\/script>\n<!-- \/ Yoast SEO plugin. -->","yoast_head_json":{"robots":{"index":"index","follow":"follow","max-snippet":"max-snippet:-1","max-image-preview":"max-image-preview:large","max-video-preview":"max-video-preview:-1"},"canonical":"https:\/\/www.ranido.cz\/cs\/sluzby\/zakazkova-vyroba-katalyzatoru\/","og_locale":"cs_CZ","og_type":"article","og_title":"Zak\u00e1zkov\u00e1 v\u00fdroba katalyz\u00e1tor\u016f - Ranido","og_url":"https:\/\/www.ranido.cz\/cs\/sluzby\/zakazkova-vyroba-katalyzatoru\/","og_site_name":"Ranido","article_modified_time":"2023-06-12T13:16:44+00:00","og_image":[{"width":1200,"height":630,"url":"https:\/\/www.ranido.cz\/app\/uploads\/2021\/11\/ranido-og.png","path":"\/home\/ranido\/webapps\/ranido\/web\/app\/uploads\/2021\/11\/ranido-og.png","size":"full","id":332,"alt":"","pixels":756000,"type":"image\/png"}],"twitter_card":"summary_large_image","schema":{"@context":"https:\/\/schema.org","@graph":[{"@type":"Organization","@id":"https:\/\/www.ranido.cz\/#organization","name":"Ranido","url":"https:\/\/www.ranido.cz\/","sameAs":[],"logo":{"@type":"ImageObject","@id":"https:\/\/www.ranido.cz\/#logo","inLanguage":"cs","url":"https:\/\/www.ranido.cz\/app\/uploads\/2021\/11\/ranido-logo.png","contentUrl":"https:\/\/www.ranido.cz\/app\/uploads\/2021\/11\/ranido-logo.png","width":3544,"height":1182,"caption":"Ranido"},"image":{"@id":"https:\/\/www.ranido.cz\/#logo"}},{"@type":"WebSite","@id":"https:\/\/www.ranido.cz\/#website","url":"https:\/\/www.ranido.cz\/","name":"Ranido","description":"Pushing Innovation in Catalysis","publisher":{"@id":"https:\/\/www.ranido.cz\/#organization"},"inLanguage":"cs"},{"@type":"WebPage","@id":"https:\/\/www.ranido.cz\/cs\/sluzby\/zakazkova-vyroba-katalyzatoru\/#webpage","url":"https:\/\/www.ranido.cz\/cs\/sluzby\/zakazkova-vyroba-katalyzatoru\/","name":"Zak\u00e1zkov\u00e1 v\u00fdroba katalyz\u00e1tor\u016f - Ranido","isPartOf":{"@id":"https:\/\/www.ranido.cz\/#website"},"datePublished":"2022-01-12T11:29:50+00:00","dateModified":"2023-06-12T13:16:44+00:00","breadcrumb":{"@id":"https:\/\/www.ranido.cz\/cs\/sluzby\/zakazkova-vyroba-katalyzatoru\/#breadcrumb"},"inLanguage":"cs","potentialAction":[{"@type":"ReadAction","target":["https:\/\/www.ranido.cz\/cs\/sluzby\/zakazkova-vyroba-katalyzatoru\/"]}]},{"@type":"BreadcrumbList","@id":"https:\/\/www.ranido.cz\/cs\/sluzby\/zakazkova-vyroba-katalyzatoru\/#breadcrumb","itemListElement":[{"@type":"ListItem","position":1,"name":"Home","item":"https:\/\/www.ranido.cz\/cs\/"},{"@type":"ListItem","position":2,"name":"Slu\u017eby","item":"https:\/\/www.ranido.cz\/cs\/sluzby\/"},{"@type":"ListItem","position":3,"name":"Zak\u00e1zkov\u00e1 v\u00fdroba katalyz\u00e1tor\u016f"}]}]}},"_links":{"self":[{"href":"https:\/\/www.ranido.cz\/cs\/wp-json\/wp\/v2\/pages\/553"}],"collection":[{"href":"https:\/\/www.ranido.cz\/cs\/wp-json\/wp\/v2\/pages"}],"about":[{"href":"https:\/\/www.ranido.cz\/cs\/wp-json\/wp\/v2\/types\/page"}],"author":[{"embeddable":true,"href":"https:\/\/www.ranido.cz\/cs\/wp-json\/wp\/v2\/users\/1"}],"replies":[{"embeddable":true,"href":"https:\/\/www.ranido.cz\/cs\/wp-json\/wp\/v2\/comments?post=553"}],"version-history":[{"count":5,"href":"https:\/\/www.ranido.cz\/cs\/wp-json\/wp\/v2\/pages\/553\/revisions"}],"predecessor-version":[{"id":802,"href":"https:\/\/www.ranido.cz\/cs\/wp-json\/wp\/v2\/pages\/553\/revisions\/802"}],"up":[{"embeddable":true,"href":"https:\/\/www.ranido.cz\/cs\/wp-json\/wp\/v2\/pages\/548"}],"wp:attachment":[{"href":"https:\/\/www.ranido.cz\/cs\/wp-json\/wp\/v2\/media?parent=553"}],"curies":[{"name":"wp","href":"https:\/\/api.w.org\/{rel}","templated":true}]}}